{"id":901,"date":"2023-06-29T15:51:27","date_gmt":"2023-06-29T13:51:27","guid":{"rendered":"https:\/\/wmcc2024.com\/datenschutzerklaerung\/"},"modified":"2023-06-29T15:51:27","modified_gmt":"2023-06-29T13:51:27","slug":"datenschutzerklaerung","status":"publish","type":"page","link":"https:\/\/wmcc2024.com\/en\/datenschutzerklaerung\/","title":{"rendered":"Datenschutzerkl\u00e4rung"},"content":{"rendered":"<div id=\"cs-content\" class=\"cs-content\"><\/div>\n","protected":false},"excerpt":{"rendered":"<p>Diese Website, einschliesslich Ticketing und Shop, wird vom Schaffhauser Organisationskomitee \u00abLGT World Men\u2019s Curling Championship 2024\u00bb betrieben. In dieser Erkl\u00e4rung finden Sie Informationen \u00fcber den Umgang mit Ihren personenbezogenen Daten beim Besuch der Website wmcc2024.com. Die weibliche Form ist der m\u00e4nnlichen Form auf dieser Website gleichgestellt; lediglich aus Gr\u00fcnden der Vereinfachung wurde die m\u00e4nnliche Form gew\u00e4hlt. 1. Allgemeines 1.1 Anwendbares &#8230;<\/p>\n","protected":false},"author":1,"featured_media":0,"parent":0,"menu_order":0,"comment_status":"closed","ping_status":"open","template":"","meta":{"footnotes":""},"class_list":["post-901","page","type-page","status-publish","hentry","no-post-thumbnail"],"_links":{"self":[{"href":"https:\/\/wmcc2024.com\/en\/wp-json\/wp\/v2\/pages\/901","targetHints":{"allow":["GET"]}}],"collection":[{"href":"https:\/\/wmcc2024.com\/en\/wp-json\/wp\/v2\/pages"}],"about":[{"href":"https:\/\/wmcc2024.com\/en\/wp-json\/wp\/v2\/types\/page"}],"author":[{"embeddable":true,"href":"https:\/\/wmcc2024.com\/en\/wp-json\/wp\/v2\/users\/1"}],"replies":[{"embeddable":true,"href":"https:\/\/wmcc2024.com\/en\/wp-json\/wp\/v2\/comments?post=901"}],"version-history":[{"count":1,"href":"https:\/\/wmcc2024.com\/en\/wp-json\/wp\/v2\/pages\/901\/revisions"}],"predecessor-version":[{"id":902,"href":"https:\/\/wmcc2024.com\/en\/wp-json\/wp\/v2\/pages\/901\/revisions\/902"}],"wp:attachment":[{"href":"https:\/\/wmcc2024.com\/en\/wp-json\/wp\/v2\/media?parent=901"}],"curies":[{"name":"wp","href":"https:\/\/api.w.org\/{rel}","templated":true}]}}